{"id":2359,"date":"2015-03-13T11:22:09","date_gmt":"2015-03-13T11:22:09","guid":{"rendered":"http:\/\/demo-content.kaliumtheme.com\/agency\/?page_id=2359"},"modified":"2024-03-06T14:18:08","modified_gmt":"2024-03-06T14:18:08","slug":"wat-doen-wij","status":"publish","type":"page","link":"https:\/\/bureausnor.nl\/new\/?page_id=2359","title":{"rendered":"Wat doen wij."},"content":{"rendered":"<section class=\"wpb-content-wrapper\"><p>[vc_row][vc_column reveal_effect=&#8221;fadeIn&#8221; reveal_duration=&#8221;0.7&#8243;][lab_heading title_tag=&#8221;H1&#8243; title=&#8221;Wat kunnen we betekenen voor jou.&#8221;]Niet blij met je huidige logo? Of heb je misschien nog helemaal geen logo? Dateert je website nog uit de prehistorie? Bureau Snor kan je helpen om jouw bedrijf een boost te geven! Samen gaan we ervoor zorgen dat je uitstraling (weer) up-to-date wordt en je een vaste lijn krijgt die herkenbaar is voor jouw bedrijf. Tijd voor een Snor Boost![\/lab_heading][\/vc_column][\/vc_row][vc_row css=&#8221;.vc_custom_1553508369616{margin-bottom: 0px !important;}&#8221;][vc_column width=&#8221;1\/2&#8243; reveal_effect=&#8221;fadeIn&#8221; reveal_duration=&#8221;1&#8243; css=&#8221;.vc_custom_1504614928532{margin-right: 0px !important;padding-right: 0px !important;}&#8221; el_class=&#8221;no-margin-desktop&#8221;][vc_single_image image=&#8221;3749&#8243; img_size=&#8221;full&#8221; onclick=&#8221;custom_link&#8221; css=&#8221;.vc_custom_1553790934062{margin-bottom: 0px !important;}&#8221; link=&#8221;http:\/\/www.bureausnor.nl\/site\/portfolio\/#logo&#8221;][\/vc_column][vc_column width=&#8221;1\/2&#8243; reveal_effect=&#8221;fadeIn&#8221; reveal_duration=&#8221;1&#8243;][lab_service_box css=&#8221;.vc_custom_1427234469550{padding-top: 45px !important;padding-right: 45px !important;padding-bottom: 45px !important;padding-left: 45px !important;}&#8221;][vc_icon icon_linea=&#8221;icon-basic-lightbulb&#8221; size=&#8221;lg&#8221;][lab_service_box_content title=&#8221;Logo.&#8221; description=&#8221;Een uniek logo met de juiste uitstraling is het begin van een succesvol bedrijf, product of campagne. Laat daarom jouw logo op maat maken, precies volgens jouw wensen en passend bij jouw bedrijf en doelgroep.<\/p>\n<p>`{` ps: Wist je trouwens dat het logo van Chupa Chups lolly is ontworpen door Salvador Dal\u00ed. Zittend aan een caf\u00e9tafel had hij het logo in een uurtje ontworpen. Dal\u00ed stond erop dat het logo aan de bovenkant van de lolly werd gepresenteerd zodat het intact bleef.`}`<br \/>\nBron + foto: Kunstspot&#8221; link=&#8221;url:https%3A%2F%2Fbureausnor.nl%2Fnew%2F%3Fpage_id%3D3283%23logo&#8221;][\/lab_service_box][\/vc_column][\/vc_row][vc_row css=&#8221;.vc_custom_1553508376478{margin-bottom: 0px !important;}&#8221;][vc_column width=&#8221;1\/2&#8243; reveal_effect=&#8221;fadeIn&#8221; reveal_duration=&#8221;1&#8243;][lab_service_box css=&#8221;.vc_custom_1427234476895{padding-top: 45px !important;padding-right: 45px !important;padding-bottom: 45px !important;padding-left: 45px !important;}&#8221;][vc_icon icon_linea=&#8221;icon-basic-laptop&#8221; size=&#8221;lg&#8221;][lab_service_box_content title=&#8221;Webdesign.&#8221; description=&#8221;Dateert je website nog uit de prehistorie en is hij nog steeds niet responsive? Krijg je het maar niet voor elkaar om bovenin de ranking van Google te komen? Bureau Snor kan je helpen!&#8221; link=&#8221;url:https%3A%2F%2Fbureausnor.nl%2Fnew%2F%3Fpage_id%3D3283%23webdesign&#8221;][\/lab_service_box][\/vc_column][vc_column width=&#8221;1\/2&#8243; reveal_effect=&#8221;fadeIn&#8221; css=&#8221;.vc_custom_1504614932143{padding-right: 0px !important;padding-left: 0px !important;}&#8221; reveal_duration=&#8221;1&#8243; el_class=&#8221;no-margin-desktop&#8221;][vc_single_image image=&#8221;3757&#8243; img_size=&#8221;full&#8221; alignment=&#8221;right&#8221; onclick=&#8221;custom_link&#8221; css=&#8221;.vc_custom_1553790940314{margin-bottom: 0px !important;}&#8221; link=&#8221;http:\/\/www.bureausnor.nl\/site\/portfolio\/#webdesign&#8221;][\/vc_column][\/vc_row][vc_row css=&#8221;.vc_custom_1553508344585{margin-bottom: 0px !important;}&#8221;][vc_column width=&#8221;1\/2&#8243; reveal_effect=&#8221;fadeIn&#8221; reveal_duration=&#8221;1&#8243; css=&#8221;.vc_custom_1504614928532{margin-right: 0px !important;padding-right: 0px !important;}&#8221; el_class=&#8221;no-margin-desktop&#8221;][vc_single_image image=&#8221;3753&#8243; img_size=&#8221;full&#8221; onclick=&#8221;custom_link&#8221; css=&#8221;.vc_custom_1553790947909{margin-bottom: 0px !important;}&#8221; link=&#8221;http:\/\/www.bureausnor.nl\/site\/portfolio\/#branding&#8221;][\/vc_column][vc_column width=&#8221;1\/2&#8243; reveal_effect=&#8221;fadeIn&#8221; reveal_duration=&#8221;1&#8243;][lab_service_box css=&#8221;.vc_custom_1427234469550{padding-top: 45px !important;padding-right: 45px !important;padding-bottom: 45px !important;padding-left: 45px !important;}&#8221;][vc_icon icon_linea=&#8221;icon-basic-notebook-pencil&#8221; size=&#8221;lg&#8221;][lab_service_box_content title=&#8221;Branding.&#8221; description=&#8221;Samen bepalen we een concept of een vaste lijn die herkenbaar is voor jouw bedrijf. Denk bijvoorbeeld aan: Logo&#8217;s. Websites. Social media marketing. Content marketing. Infographics. Visitekaartjes. Huisstijlen. Brochures. Posters. Advertenties. Nieuwsbrieven. Fotografie. Video. Drukwerk.&#8221; link=&#8221;url:https%3A%2F%2Fbureausnor.nl%2Fnew%2F%3Fpage_id%3D3283%23branding&#8221;][\/lab_service_box][\/vc_column][\/vc_row][vc_row css=&#8221;.vc_custom_1426246383421{margin-bottom: 0px !important;}&#8221;][vc_column width=&#8221;1\/2&#8243; reveal_effect=&#8221;fadeIn&#8221; reveal_duration=&#8221;1&#8243;][lab_service_box css=&#8221;.vc_custom_1427234476895{padding-top: 45px !important;padding-right: 45px !important;padding-bottom: 45px !important;padding-left: 45px !important;}&#8221;][vc_icon icon_linea=&#8221;icon-basic-heart&#8221; size=&#8221;lg&#8221;][lab_service_box_content title=&#8221;Online marketing.&#8221; description=&#8221;Hoe is jouw merk, organisatie of bedrijf zichtbaar op social media? Post je de juiste content, past het bij de identiteit en wat zijn de doelstellingen? Social media succesvol zakelijk inzetten begint bij de juiste strategie. Het is een uitzonderlijk marketinginstrument dat niet meer weg te denken is in een algehele marketing- en salesstrategie. &#8221; link=&#8221;url:https%3A%2F%2Fmarloesmedialab.nl%2F|target:_blank&#8221;][\/lab_service_box][\/vc_column][vc_column width=&#8221;1\/2&#8243; reveal_effect=&#8221;fadeIn&#8221; css=&#8221;.vc_custom_1504614932143{padding-right: 0px !important;padding-left: 0px !important;}&#8221; reveal_duration=&#8221;1&#8243; el_class=&#8221;no-margin-desktop&#8221;][vc_single_image image=&#8221;4399&#8243; img_size=&#8221;full&#8221; alignment=&#8221;right&#8221; onclick=&#8221;custom_link&#8221; css=&#8221;.vc_custom_1630671734799{margin-bottom: 0px !important;}&#8221; link=&#8221;http:\/\/www.bureausnor.nl\/site\/portfolio\/#illustraties&#8221;][\/vc_column][\/vc_row][vc_row css=&#8221;.vc_custom_1553508344585{margin-bottom: 0px !important;}&#8221;][vc_column width=&#8221;1\/2&#8243; reveal_effect=&#8221;fadeIn&#8221; reveal_duration=&#8221;1&#8243; css=&#8221;.vc_custom_1504614928532{margin-right: 0px !important;padding-right: 0px !important;}&#8221; el_class=&#8221;no-margin-desktop&#8221;][vc_single_image image=&#8221;3759&#8243; img_size=&#8221;full&#8221; onclick=&#8221;custom_link&#8221; css=&#8221;.vc_custom_1630671830499{margin-bottom: 0px !important;}&#8221; link=&#8221;http:\/\/www.bureausnor.nl\/site\/portfolio\/#branding&#8221;][\/vc_column][vc_column width=&#8221;1\/2&#8243; reveal_effect=&#8221;fadeIn&#8221; reveal_duration=&#8221;1&#8243;][lab_service_box css=&#8221;.vc_custom_1427234469550{padding-top: 45px !important;padding-right: 45px !important;padding-bottom: 45px !important;padding-left: 45px !important;}&#8221;][vc_icon icon_linea=&#8221;icon-basic-notebook-pencil&#8221; size=&#8221;lg&#8221;][lab_service_box_content title=&#8221;Animatie, bedrijfsvideo &amp; Illustraties.&#8221; description=&#8221;Bureau Snor kan je helpen met unieke illustraties, infographics, animaties of (bedrijfs)video&#8217;s. Beeld en geluid zeggen immers meer dan 1000 woorden!&#8221; link=&#8221;url:https%3A%2F%2Fwww.youtube.com%2Fchannel%2FUCAGllJBSi3NAGF1AdtfYFAg%2Fvideos|target:_blank&#8221;][\/lab_service_box][\/vc_column][\/vc_row]<\/p>\n<\/section>","protected":false},"excerpt":{"rendered":"<p>[vc_row][vc_column reveal_effect=&#8221;fadeIn&#8221; reveal_duration=&#8221;0.7&#8243;][lab_heading title_tag=&#8221;H1&#8243; title=&#8221;Wat kunnen we betekenen voor jou.&#8221;]Niet blij met je huidige logo? Of heb je misschien nog helemaal geen logo? Dateert je website nog uit de prehistorie? Bureau Snor kan je helpen om jouw bedrijf een boost te geven! Samen gaan we ervoor zorgen dat je uitstraling (weer) up-to-date wordt en je&hellip;<\/p>\n","protected":false},"author":1,"featured_media":0,"parent":0,"menu_order":0,"comment_status":"open","ping_status":"closed","template":"","meta":[],"acf":[],"yoast_head":"<!-- This site is optimized with the Yoast SEO plugin v19.10 - https:\/\/yoast.com\/wordpress\/plugins\/seo\/ -->\n<title>Reclamebureau Bergen op Zoom | Bureau Snor<\/title>\n<meta name=\"description\" content=\"Reclamebureau Snor in Bergen op Zoom helpt je graag met het ontwerpen van een nieuw logo, website of huisstijl. Plan een kennismaking.\" \/>\n<meta name=\"robots\" content=\"index, follow, max-snippet:-1, max-image-preview:large, max-video-preview:-1\" \/>\n<link rel=\"canonical\" href=\"https:\/\/bureausnor.nl\/new\/?page_id=2359\" \/>\n<meta property=\"og:locale\" content=\"en_US\" \/>\n<meta property=\"og:type\" content=\"article\" \/>\n<meta property=\"og:title\" content=\"Reclamebureau Bergen op Zoom | Bureau Snor\" \/>\n<meta property=\"og:description\" content=\"Reclamebureau Snor in Bergen op Zoom helpt je graag met het ontwerpen van een nieuw logo, website of huisstijl. Plan een kennismaking.\" \/>\n<meta property=\"og:url\" content=\"https:\/\/bureausnor.nl\/new\/?page_id=2359\" \/>\n<meta property=\"og:site_name\" content=\"Bureau Snor\" \/>\n<meta property=\"article:modified_time\" content=\"2024-03-06T14:18:08+00:00\" \/>\n<meta name=\"twitter:card\" content=\"summary_large_image\" \/>\n<meta name=\"twitter:label1\" content=\"Est. reading time\" \/>\n\t<meta name=\"twitter:data1\" content=\"3 minutes\" \/>\n<script type=\"application\/ld+json\" class=\"yoast-schema-graph\">{\"@context\":\"https:\/\/schema.org\",\"@graph\":[{\"@type\":\"WebPage\",\"@id\":\"https:\/\/bureausnor.nl\/new\/?page_id=2359\",\"url\":\"https:\/\/bureausnor.nl\/new\/?page_id=2359\",\"name\":\"Reclamebureau Bergen op Zoom | Bureau Snor\",\"isPartOf\":{\"@id\":\"https:\/\/bureausnor.nl\/new\/#website\"},\"datePublished\":\"2015-03-13T11:22:09+00:00\",\"dateModified\":\"2024-03-06T14:18:08+00:00\",\"description\":\"Reclamebureau Snor in Bergen op Zoom helpt je graag met het ontwerpen van een nieuw logo, website of huisstijl. Plan een kennismaking.\",\"breadcrumb\":{\"@id\":\"https:\/\/bureausnor.nl\/new\/?page_id=2359#breadcrumb\"},\"inLanguage\":\"en-US\",\"potentialAction\":[{\"@type\":\"ReadAction\",\"target\":[\"https:\/\/bureausnor.nl\/new\/?page_id=2359\"]}]},{\"@type\":\"BreadcrumbList\",\"@id\":\"https:\/\/bureausnor.nl\/new\/?page_id=2359#breadcrumb\",\"itemListElement\":[{\"@type\":\"ListItem\",\"position\":1,\"name\":\"Home\",\"item\":\"https:\/\/bureausnor.nl\/new\/\"},{\"@type\":\"ListItem\",\"position\":2,\"name\":\"Wat doen wij.\"}]},{\"@type\":\"WebSite\",\"@id\":\"https:\/\/bureausnor.nl\/new\/#website\",\"url\":\"https:\/\/bureausnor.nl\/new\/\",\"name\":\"Bureau Snor\",\"description\":\"Creatieve Marketingcommunicatie\",\"publisher\":{\"@id\":\"https:\/\/bureausnor.nl\/new\/#organization\"},\"potentialAction\":[{\"@type\":\"SearchAction\",\"target\":{\"@type\":\"EntryPoint\",\"urlTemplate\":\"https:\/\/bureausnor.nl\/new\/?s={search_term_string}\"},\"query-input\":\"required name=search_term_string\"}],\"inLanguage\":\"en-US\"},{\"@type\":\"Organization\",\"@id\":\"https:\/\/bureausnor.nl\/new\/#organization\",\"name\":\"Bureau Snor\",\"url\":\"https:\/\/bureausnor.nl\/new\/\",\"logo\":{\"@type\":\"ImageObject\",\"inLanguage\":\"en-US\",\"@id\":\"https:\/\/bureausnor.nl\/new\/#\/schema\/logo\/image\/\",\"url\":\"https:\/\/bureausnor.nl\/new\/wp-content\/uploads\/2019\/02\/Bureau-Snor-logo.png\",\"contentUrl\":\"https:\/\/bureausnor.nl\/new\/wp-content\/uploads\/2019\/02\/Bureau-Snor-logo.png\",\"width\":198,\"height\":117,\"caption\":\"Bureau Snor\"},\"image\":{\"@id\":\"https:\/\/bureausnor.nl\/new\/#\/schema\/logo\/image\/\"}}]}<\/script>\n<!-- \/ Yoast SEO plugin. -->","yoast_head_json":{"title":"Reclamebureau Bergen op Zoom | Bureau Snor","description":"Reclamebureau Snor in Bergen op Zoom helpt je graag met het ontwerpen van een nieuw logo, website of huisstijl. Plan een kennismaking.","robots":{"index":"index","follow":"follow","max-snippet":"max-snippet:-1","max-image-preview":"max-image-preview:large","max-video-preview":"max-video-preview:-1"},"canonical":"https:\/\/bureausnor.nl\/new\/?page_id=2359","og_locale":"en_US","og_type":"article","og_title":"Reclamebureau Bergen op Zoom | Bureau Snor","og_description":"Reclamebureau Snor in Bergen op Zoom helpt je graag met het ontwerpen van een nieuw logo, website of huisstijl. Plan een kennismaking.","og_url":"https:\/\/bureausnor.nl\/new\/?page_id=2359","og_site_name":"Bureau Snor","article_modified_time":"2024-03-06T14:18:08+00:00","twitter_card":"summary_large_image","twitter_misc":{"Est. reading time":"3 minutes"},"schema":{"@context":"https:\/\/schema.org","@graph":[{"@type":"WebPage","@id":"https:\/\/bureausnor.nl\/new\/?page_id=2359","url":"https:\/\/bureausnor.nl\/new\/?page_id=2359","name":"Reclamebureau Bergen op Zoom | Bureau Snor","isPartOf":{"@id":"https:\/\/bureausnor.nl\/new\/#website"},"datePublished":"2015-03-13T11:22:09+00:00","dateModified":"2024-03-06T14:18:08+00:00","description":"Reclamebureau Snor in Bergen op Zoom helpt je graag met het ontwerpen van een nieuw logo, website of huisstijl. Plan een kennismaking.","breadcrumb":{"@id":"https:\/\/bureausnor.nl\/new\/?page_id=2359#breadcrumb"},"inLanguage":"en-US","potentialAction":[{"@type":"ReadAction","target":["https:\/\/bureausnor.nl\/new\/?page_id=2359"]}]},{"@type":"BreadcrumbList","@id":"https:\/\/bureausnor.nl\/new\/?page_id=2359#breadcrumb","itemListElement":[{"@type":"ListItem","position":1,"name":"Home","item":"https:\/\/bureausnor.nl\/new\/"},{"@type":"ListItem","position":2,"name":"Wat doen wij."}]},{"@type":"WebSite","@id":"https:\/\/bureausnor.nl\/new\/#website","url":"https:\/\/bureausnor.nl\/new\/","name":"Bureau Snor","description":"Creatieve Marketingcommunicatie","publisher":{"@id":"https:\/\/bureausnor.nl\/new\/#organization"},"potentialAction":[{"@type":"SearchAction","target":{"@type":"EntryPoint","urlTemplate":"https:\/\/bureausnor.nl\/new\/?s={search_term_string}"},"query-input":"required name=search_term_string"}],"inLanguage":"en-US"},{"@type":"Organization","@id":"https:\/\/bureausnor.nl\/new\/#organization","name":"Bureau Snor","url":"https:\/\/bureausnor.nl\/new\/","logo":{"@type":"ImageObject","inLanguage":"en-US","@id":"https:\/\/bureausnor.nl\/new\/#\/schema\/logo\/image\/","url":"https:\/\/bureausnor.nl\/new\/wp-content\/uploads\/2019\/02\/Bureau-Snor-logo.png","contentUrl":"https:\/\/bureausnor.nl\/new\/wp-content\/uploads\/2019\/02\/Bureau-Snor-logo.png","width":198,"height":117,"caption":"Bureau Snor"},"image":{"@id":"https:\/\/bureausnor.nl\/new\/#\/schema\/logo\/image\/"}}]}},"_links":{"self":[{"href":"https:\/\/bureausnor.nl\/new\/index.php?rest_route=\/wp\/v2\/pages\/2359"}],"collection":[{"href":"https:\/\/bureausnor.nl\/new\/index.php?rest_route=\/wp\/v2\/pages"}],"about":[{"href":"https:\/\/bureausnor.nl\/new\/index.php?rest_route=\/wp\/v2\/types\/page"}],"author":[{"embeddable":true,"href":"https:\/\/bureausnor.nl\/new\/index.php?rest_route=\/wp\/v2\/users\/1"}],"replies":[{"embeddable":true,"href":"https:\/\/bureausnor.nl\/new\/index.php?rest_route=%2Fwp%2Fv2%2Fcomments&post=2359"}],"version-history":[{"count":68,"href":"https:\/\/bureausnor.nl\/new\/index.php?rest_route=\/wp\/v2\/pages\/2359\/revisions"}],"predecessor-version":[{"id":4689,"href":"https:\/\/bureausnor.nl\/new\/index.php?rest_route=\/wp\/v2\/pages\/2359\/revisions\/4689"}],"wp:attachment":[{"href":"https:\/\/bureausnor.nl\/new\/index.php?rest_route=%2Fwp%2Fv2%2Fmedia&parent=2359"}],"curies":[{"name":"wp","href":"https:\/\/api.w.org\/{rel}","templated":true}]}}